{"id":5971,"date":"2023-01-08T12:01:18","date_gmt":"2023-01-08T11:01:18","guid":{"rendered":"https:\/\/nethemba.com\/?page_id=5971"},"modified":"2023-02-14T18:34:13","modified_gmt":"2023-02-14T17:34:13","slug":"oranzova-obalka","status":"publish","type":"page","link":"https:\/\/nethemba.com\/sk\/referencie-old\/oranzova-obalka\/","title":{"rendered":"Oran\u017eov\u00e1 ob\u00e1lka"},"content":{"rendered":"<p>Z\u00e1kladn\u00fd penetra\u010dn\u00fd test webovej aplik\u00e1cie a opakovan\u00fd penetra\u010dn\u00fd test zranite\u013enost\u00ed identifikovan\u00fdch v predch\u00e1dzaj\u00facom penetra\u010dnom teste<\/p>\n","protected":false},"excerpt":{"rendered":"<p>Z\u00e1kladn\u00fd penetra\u010dn\u00fd test webovej aplik\u00e1cie a opakovan\u00fd penetra\u010dn\u00fd test zranite\u013enost\u00ed identifikovan\u00fdch v predch\u00e1dzaj\u00facom penetra\u010dnom teste<\/p>\n","protected":false},"author":8,"featured_media":5972,"parent":304,"menu_order":0,"comment_status":"closed","ping_status":"closed","template":"references.php","meta":{"inline_featured_image":false,"_monsterinsights_skip_tracking":false,"_monsterinsights_sitenote_active":false,"_monsterinsights_sitenote_note":"","_monsterinsights_sitenote_category":0,"footnotes":""},"class_list":["post-5971","page","type-page","status-publish","has-post-thumbnail","hentry"],"yoast_head":"<!-- This site is optimized with the Yoast SEO plugin v27.4 - https:\/\/yoast.com\/product\/yoast-seo-wordpress\/ -->\n<title>Oran\u017eov\u00e1 ob\u00e1lka - Nethemba<\/title>\n<meta name=\"robots\" content=\"index, follow, max-snippet:-1, max-image-preview:large, max-video-preview:-1\" \/>\n<link rel=\"canonical\" href=\"https:\/\/nethemba.com\/sk\/referencie-old\/oranzova-obalka\/\" \/>\n<meta property=\"og:locale\" content=\"sk_SK\" \/>\n<meta property=\"og:type\" content=\"article\" \/>\n<meta property=\"og:title\" content=\"Oran\u017eov\u00e1 ob\u00e1lka - Nethemba\" \/>\n<meta property=\"og:description\" content=\"Z\u00e1kladn\u00fd penetra\u010dn\u00fd test webovej aplik\u00e1cie a opakovan\u00fd penetra\u010dn\u00fd test zranite\u013enost\u00ed identifikovan\u00fdch v predch\u00e1dzaj\u00facom penetra\u010dnom teste\" \/>\n<meta property=\"og:url\" content=\"https:\/\/nethemba.com\/sk\/referencie-old\/oranzova-obalka\/\" \/>\n<meta property=\"og:site_name\" content=\"Nethemba\" \/>\n<meta property=\"article:publisher\" content=\"https:\/\/www.facebook.com\/nethemba\" \/>\n<meta property=\"article:modified_time\" content=\"2023-02-14T17:34:13+00:00\" \/>\n<meta property=\"og:image\" content=\"https:\/\/nethemba.com\/wp-content\/uploads\/2023\/01\/Oranzova-obalka.jpg\" \/>\n\t<meta property=\"og:image:width\" content=\"150\" \/>\n\t<meta property=\"og:image:height\" content=\"75\" \/>\n\t<meta property=\"og:image:type\" content=\"image\/jpeg\" \/>\n<meta name=\"twitter:card\" content=\"summary_large_image\" \/>\n<meta name=\"twitter:site\" content=\"@nethemba\" \/>\n<script type=\"application\/ld+json\" class=\"yoast-schema-graph\">{\"@context\":\"https:\\\/\\\/schema.org\",\"@graph\":[{\"@type\":\"WebPage\",\"@id\":\"https:\\\/\\\/nethemba.com\\\/sk\\\/referencie-old\\\/oranzova-obalka\\\/\",\"url\":\"https:\\\/\\\/nethemba.com\\\/sk\\\/referencie-old\\\/oranzova-obalka\\\/\",\"name\":\"Oran\u017eov\u00e1 ob\u00e1lka - Nethemba\",\"isPartOf\":{\"@id\":\"https:\\\/\\\/nethemba.com\\\/de\\\/#website\"},\"primaryImageOfPage\":{\"@id\":\"https:\\\/\\\/nethemba.com\\\/sk\\\/referencie-old\\\/oranzova-obalka\\\/#primaryimage\"},\"image\":{\"@id\":\"https:\\\/\\\/nethemba.com\\\/sk\\\/referencie-old\\\/oranzova-obalka\\\/#primaryimage\"},\"thumbnailUrl\":\"https:\\\/\\\/nethemba.com\\\/wp-content\\\/uploads\\\/2023\\\/01\\\/Oranzova-obalka.jpg\",\"datePublished\":\"2023-01-08T11:01:18+00:00\",\"dateModified\":\"2023-02-14T17:34:13+00:00\",\"breadcrumb\":{\"@id\":\"https:\\\/\\\/nethemba.com\\\/sk\\\/referencie-old\\\/oranzova-obalka\\\/#breadcrumb\"},\"inLanguage\":\"sk-SK\",\"potentialAction\":[{\"@type\":\"ReadAction\",\"target\":[\"https:\\\/\\\/nethemba.com\\\/sk\\\/referencie-old\\\/oranzova-obalka\\\/\"]}]},{\"@type\":\"ImageObject\",\"inLanguage\":\"sk-SK\",\"@id\":\"https:\\\/\\\/nethemba.com\\\/sk\\\/referencie-old\\\/oranzova-obalka\\\/#primaryimage\",\"url\":\"https:\\\/\\\/nethemba.com\\\/wp-content\\\/uploads\\\/2023\\\/01\\\/Oranzova-obalka.jpg\",\"contentUrl\":\"https:\\\/\\\/nethemba.com\\\/wp-content\\\/uploads\\\/2023\\\/01\\\/Oranzova-obalka.jpg\",\"width\":150,\"height\":75},{\"@type\":\"BreadcrumbList\",\"@id\":\"https:\\\/\\\/nethemba.com\\\/sk\\\/referencie-old\\\/oranzova-obalka\\\/#breadcrumb\",\"itemListElement\":[{\"@type\":\"ListItem\",\"position\":1,\"name\":\"Home\",\"item\":\"https:\\\/\\\/nethemba.com\\\/sk\\\/domov\\\/\"},{\"@type\":\"ListItem\",\"position\":2,\"name\":\"Referencie OLD\",\"item\":\"https:\\\/\\\/nethemba.com\\\/sk\\\/referencie-old\\\/\"},{\"@type\":\"ListItem\",\"position\":3,\"name\":\"Oran\u017eov\u00e1 ob\u00e1lka\"}]},{\"@type\":\"WebSite\",\"@id\":\"https:\\\/\\\/nethemba.com\\\/de\\\/#website\",\"url\":\"https:\\\/\\\/nethemba.com\\\/de\\\/\",\"name\":\"Nethemba\",\"description\":\"We care about your security\",\"potentialAction\":[{\"@type\":\"SearchAction\",\"target\":{\"@type\":\"EntryPoint\",\"urlTemplate\":\"https:\\\/\\\/nethemba.com\\\/de\\\/?s={search_term_string}\"},\"query-input\":{\"@type\":\"PropertyValueSpecification\",\"valueRequired\":true,\"valueName\":\"search_term_string\"}}],\"inLanguage\":\"sk-SK\"}]}<\/script>\n<!-- \/ Yoast SEO plugin. -->","yoast_head_json":{"title":"Oran\u017eov\u00e1 ob\u00e1lka - Nethemba","robots":{"index":"index","follow":"follow","max-snippet":"max-snippet:-1","max-image-preview":"max-image-preview:large","max-video-preview":"max-video-preview:-1"},"canonical":"https:\/\/nethemba.com\/sk\/referencie-old\/oranzova-obalka\/","og_locale":"sk_SK","og_type":"article","og_title":"Oran\u017eov\u00e1 ob\u00e1lka - Nethemba","og_description":"Z\u00e1kladn\u00fd penetra\u010dn\u00fd test webovej aplik\u00e1cie a opakovan\u00fd penetra\u010dn\u00fd test zranite\u013enost\u00ed identifikovan\u00fdch v predch\u00e1dzaj\u00facom penetra\u010dnom teste","og_url":"https:\/\/nethemba.com\/sk\/referencie-old\/oranzova-obalka\/","og_site_name":"Nethemba","article_publisher":"https:\/\/www.facebook.com\/nethemba","article_modified_time":"2023-02-14T17:34:13+00:00","og_image":[{"width":150,"height":75,"url":"https:\/\/nethemba.com\/wp-content\/uploads\/2023\/01\/Oranzova-obalka.jpg","type":"image\/jpeg"}],"twitter_card":"summary_large_image","twitter_site":"@nethemba","schema":{"@context":"https:\/\/schema.org","@graph":[{"@type":"WebPage","@id":"https:\/\/nethemba.com\/sk\/referencie-old\/oranzova-obalka\/","url":"https:\/\/nethemba.com\/sk\/referencie-old\/oranzova-obalka\/","name":"Oran\u017eov\u00e1 ob\u00e1lka - Nethemba","isPartOf":{"@id":"https:\/\/nethemba.com\/de\/#website"},"primaryImageOfPage":{"@id":"https:\/\/nethemba.com\/sk\/referencie-old\/oranzova-obalka\/#primaryimage"},"image":{"@id":"https:\/\/nethemba.com\/sk\/referencie-old\/oranzova-obalka\/#primaryimage"},"thumbnailUrl":"https:\/\/nethemba.com\/wp-content\/uploads\/2023\/01\/Oranzova-obalka.jpg","datePublished":"2023-01-08T11:01:18+00:00","dateModified":"2023-02-14T17:34:13+00:00","breadcrumb":{"@id":"https:\/\/nethemba.com\/sk\/referencie-old\/oranzova-obalka\/#breadcrumb"},"inLanguage":"sk-SK","potentialAction":[{"@type":"ReadAction","target":["https:\/\/nethemba.com\/sk\/referencie-old\/oranzova-obalka\/"]}]},{"@type":"ImageObject","inLanguage":"sk-SK","@id":"https:\/\/nethemba.com\/sk\/referencie-old\/oranzova-obalka\/#primaryimage","url":"https:\/\/nethemba.com\/wp-content\/uploads\/2023\/01\/Oranzova-obalka.jpg","contentUrl":"https:\/\/nethemba.com\/wp-content\/uploads\/2023\/01\/Oranzova-obalka.jpg","width":150,"height":75},{"@type":"BreadcrumbList","@id":"https:\/\/nethemba.com\/sk\/referencie-old\/oranzova-obalka\/#breadcrumb","itemListElement":[{"@type":"ListItem","position":1,"name":"Home","item":"https:\/\/nethemba.com\/sk\/domov\/"},{"@type":"ListItem","position":2,"name":"Referencie OLD","item":"https:\/\/nethemba.com\/sk\/referencie-old\/"},{"@type":"ListItem","position":3,"name":"Oran\u017eov\u00e1 ob\u00e1lka"}]},{"@type":"WebSite","@id":"https:\/\/nethemba.com\/de\/#website","url":"https:\/\/nethemba.com\/de\/","name":"Nethemba","description":"We care about your security","potentialAction":[{"@type":"SearchAction","target":{"@type":"EntryPoint","urlTemplate":"https:\/\/nethemba.com\/de\/?s={search_term_string}"},"query-input":{"@type":"PropertyValueSpecification","valueRequired":true,"valueName":"search_term_string"}}],"inLanguage":"sk-SK"}]}},"_links":{"self":[{"href":"https:\/\/nethemba.com\/sk\/wp-json\/wp\/v2\/pages\/5971","targetHints":{"allow":["GET"]}}],"collection":[{"href":"https:\/\/nethemba.com\/sk\/wp-json\/wp\/v2\/pages"}],"about":[{"href":"https:\/\/nethemba.com\/sk\/wp-json\/wp\/v2\/types\/page"}],"author":[{"embeddable":true,"href":"https:\/\/nethemba.com\/sk\/wp-json\/wp\/v2\/users\/8"}],"replies":[{"embeddable":true,"href":"https:\/\/nethemba.com\/sk\/wp-json\/wp\/v2\/comments?post=5971"}],"version-history":[{"count":0,"href":"https:\/\/nethemba.com\/sk\/wp-json\/wp\/v2\/pages\/5971\/revisions"}],"up":[{"embeddable":true,"href":"https:\/\/nethemba.com\/sk\/wp-json\/wp\/v2\/pages\/304"}],"wp:featuredmedia":[{"embeddable":true,"href":"https:\/\/nethemba.com\/sk\/wp-json\/wp\/v2\/media\/5972"}],"wp:attachment":[{"href":"https:\/\/nethemba.com\/sk\/wp-json\/wp\/v2\/media?parent=5971"}],"curies":[{"name":"wp","href":"https:\/\/api.w.org\/{rel}","templated":true}]}}