{"id":651,"date":"2015-11-06T22:06:19","date_gmt":"2015-11-06T22:06:19","guid":{"rendered":"http:\/\/nethemba.com\/sk\/referencie\/ceskoslovenska-obchodna-banka-a-s\/"},"modified":"2019-10-23T09:00:57","modified_gmt":"2019-10-23T08:00:57","slug":"ceskoslovenska-obchodna-banka-a-s","status":"publish","type":"page","link":"https:\/\/nethemba.com\/sk\/referencie-old\/ceskoslovenska-obchodna-banka-a-s\/","title":{"rendered":"\u010ceskoslovensk\u00e1 obchodn\u00e1 banka, a. s."},"content":{"rendered":"<p>Penetra\u010dn\u00e9 testovanie Smartbanking aplik\u00e1ci\u00ed pre platformy Android, iOS a Windows Phone<\/p>\n","protected":false},"excerpt":{"rendered":"<p>Penetra\u010dn\u00e9 testovanie Smartbanking aplik\u00e1ci\u00ed pre platformy Android, iOS a Windows Phone<\/p>\n","protected":false},"author":2,"featured_media":2977,"parent":304,"menu_order":0,"comment_status":"closed","ping_status":"closed","template":"","meta":{"inline_featured_image":false,"_monsterinsights_skip_tracking":false,"_monsterinsights_sitenote_active":false,"_monsterinsights_sitenote_note":"","_monsterinsights_sitenote_category":0,"footnotes":""},"class_list":["post-651","page","type-page","status-publish","has-post-thumbnail","hentry"],"yoast_head":"<!-- This site is optimized with the Yoast SEO plugin v27.2 - https:\/\/yoast.com\/product\/yoast-seo-wordpress\/ -->\n<title>\u010ceskoslovensk\u00e1 obchodn\u00e1 banka, a. s. - Nethemba<\/title>\n<meta name=\"robots\" content=\"index, follow, max-snippet:-1, max-image-preview:large, max-video-preview:-1\" \/>\n<link rel=\"canonical\" href=\"https:\/\/nethemba.com\/sk\/referencie-old\/ceskoslovenska-obchodna-banka-a-s\/\" \/>\n<meta property=\"og:locale\" content=\"sk_SK\" \/>\n<meta property=\"og:type\" content=\"article\" \/>\n<meta property=\"og:title\" content=\"\u010ceskoslovensk\u00e1 obchodn\u00e1 banka, a. s. - Nethemba\" \/>\n<meta property=\"og:description\" content=\"Penetra\u010dn\u00e9 testovanie Smartbanking aplik\u00e1ci\u00ed pre platformy Android, iOS a Windows Phone\" \/>\n<meta property=\"og:url\" content=\"https:\/\/nethemba.com\/sk\/referencie-old\/ceskoslovenska-obchodna-banka-a-s\/\" \/>\n<meta property=\"og:site_name\" content=\"Nethemba\" \/>\n<meta property=\"article:publisher\" content=\"https:\/\/www.facebook.com\/nethemba\" \/>\n<meta property=\"article:modified_time\" content=\"2019-10-23T08:00:57+00:00\" \/>\n<meta property=\"og:image\" content=\"https:\/\/nethemba.com\/wp-content\/uploads\/2015\/11\/csob-e1446847571798.jpg\" \/>\n\t<meta property=\"og:image:width\" content=\"150\" \/>\n\t<meta property=\"og:image:height\" content=\"130\" \/>\n\t<meta property=\"og:image:type\" content=\"image\/jpeg\" \/>\n<meta name=\"twitter:card\" content=\"summary_large_image\" \/>\n<meta name=\"twitter:site\" content=\"@nethemba\" \/>\n<script type=\"application\/ld+json\" class=\"yoast-schema-graph\">{\"@context\":\"https:\/\/schema.org\",\"@graph\":[{\"@type\":\"WebPage\",\"@id\":\"https:\/\/nethemba.com\/sk\/referencie-old\/ceskoslovenska-obchodna-banka-a-s\/\",\"url\":\"https:\/\/nethemba.com\/sk\/referencie-old\/ceskoslovenska-obchodna-banka-a-s\/\",\"name\":\"\u010ceskoslovensk\u00e1 obchodn\u00e1 banka, a. s. - Nethemba\",\"isPartOf\":{\"@id\":\"https:\/\/nethemba.com\/de\/#website\"},\"primaryImageOfPage\":{\"@id\":\"https:\/\/nethemba.com\/sk\/referencie-old\/ceskoslovenska-obchodna-banka-a-s\/#primaryimage\"},\"image\":{\"@id\":\"https:\/\/nethemba.com\/sk\/referencie-old\/ceskoslovenska-obchodna-banka-a-s\/#primaryimage\"},\"thumbnailUrl\":\"https:\/\/nethemba.com\/wp-content\/uploads\/2015\/11\/csob-e1446847571798.jpg\",\"datePublished\":\"2015-11-06T22:06:19+00:00\",\"dateModified\":\"2019-10-23T08:00:57+00:00\",\"breadcrumb\":{\"@id\":\"https:\/\/nethemba.com\/sk\/referencie-old\/ceskoslovenska-obchodna-banka-a-s\/#breadcrumb\"},\"inLanguage\":\"sk-SK\",\"potentialAction\":[{\"@type\":\"ReadAction\",\"target\":[\"https:\/\/nethemba.com\/sk\/referencie-old\/ceskoslovenska-obchodna-banka-a-s\/\"]}]},{\"@type\":\"ImageObject\",\"inLanguage\":\"sk-SK\",\"@id\":\"https:\/\/nethemba.com\/sk\/referencie-old\/ceskoslovenska-obchodna-banka-a-s\/#primaryimage\",\"url\":\"https:\/\/nethemba.com\/wp-content\/uploads\/2015\/11\/csob-e1446847571798.jpg\",\"contentUrl\":\"https:\/\/nethemba.com\/wp-content\/uploads\/2015\/11\/csob-e1446847571798.jpg\",\"width\":150,\"height\":130},{\"@type\":\"BreadcrumbList\",\"@id\":\"https:\/\/nethemba.com\/sk\/referencie-old\/ceskoslovenska-obchodna-banka-a-s\/#breadcrumb\",\"itemListElement\":[{\"@type\":\"ListItem\",\"position\":1,\"name\":\"Home\",\"item\":\"https:\/\/nethemba.com\/sk\/domov\/\"},{\"@type\":\"ListItem\",\"position\":2,\"name\":\"Referencie OLD\",\"item\":\"https:\/\/nethemba.com\/sk\/referencie-old\/\"},{\"@type\":\"ListItem\",\"position\":3,\"name\":\"\u010ceskoslovensk\u00e1 obchodn\u00e1 banka, a. s.\"}]},{\"@type\":\"WebSite\",\"@id\":\"https:\/\/nethemba.com\/de\/#website\",\"url\":\"https:\/\/nethemba.com\/de\/\",\"name\":\"Nethemba\",\"description\":\"We care about your security\",\"potentialAction\":[{\"@type\":\"SearchAction\",\"target\":{\"@type\":\"EntryPoint\",\"urlTemplate\":\"https:\/\/nethemba.com\/de\/?s={search_term_string}\"},\"query-input\":{\"@type\":\"PropertyValueSpecification\",\"valueRequired\":true,\"valueName\":\"search_term_string\"}}],\"inLanguage\":\"sk-SK\"}]}<\/script>\n<!-- \/ Yoast SEO plugin. -->","yoast_head_json":{"title":"\u010ceskoslovensk\u00e1 obchodn\u00e1 banka, a. s. - Nethemba","robots":{"index":"index","follow":"follow","max-snippet":"max-snippet:-1","max-image-preview":"max-image-preview:large","max-video-preview":"max-video-preview:-1"},"canonical":"https:\/\/nethemba.com\/sk\/referencie-old\/ceskoslovenska-obchodna-banka-a-s\/","og_locale":"sk_SK","og_type":"article","og_title":"\u010ceskoslovensk\u00e1 obchodn\u00e1 banka, a. s. - Nethemba","og_description":"Penetra\u010dn\u00e9 testovanie Smartbanking aplik\u00e1ci\u00ed pre platformy Android, iOS a Windows Phone","og_url":"https:\/\/nethemba.com\/sk\/referencie-old\/ceskoslovenska-obchodna-banka-a-s\/","og_site_name":"Nethemba","article_publisher":"https:\/\/www.facebook.com\/nethemba","article_modified_time":"2019-10-23T08:00:57+00:00","og_image":[{"width":150,"height":130,"url":"https:\/\/nethemba.com\/wp-content\/uploads\/2015\/11\/csob-e1446847571798.jpg","type":"image\/jpeg"}],"twitter_card":"summary_large_image","twitter_site":"@nethemba","schema":{"@context":"https:\/\/schema.org","@graph":[{"@type":"WebPage","@id":"https:\/\/nethemba.com\/sk\/referencie-old\/ceskoslovenska-obchodna-banka-a-s\/","url":"https:\/\/nethemba.com\/sk\/referencie-old\/ceskoslovenska-obchodna-banka-a-s\/","name":"\u010ceskoslovensk\u00e1 obchodn\u00e1 banka, a. s. - Nethemba","isPartOf":{"@id":"https:\/\/nethemba.com\/de\/#website"},"primaryImageOfPage":{"@id":"https:\/\/nethemba.com\/sk\/referencie-old\/ceskoslovenska-obchodna-banka-a-s\/#primaryimage"},"image":{"@id":"https:\/\/nethemba.com\/sk\/referencie-old\/ceskoslovenska-obchodna-banka-a-s\/#primaryimage"},"thumbnailUrl":"https:\/\/nethemba.com\/wp-content\/uploads\/2015\/11\/csob-e1446847571798.jpg","datePublished":"2015-11-06T22:06:19+00:00","dateModified":"2019-10-23T08:00:57+00:00","breadcrumb":{"@id":"https:\/\/nethemba.com\/sk\/referencie-old\/ceskoslovenska-obchodna-banka-a-s\/#breadcrumb"},"inLanguage":"sk-SK","potentialAction":[{"@type":"ReadAction","target":["https:\/\/nethemba.com\/sk\/referencie-old\/ceskoslovenska-obchodna-banka-a-s\/"]}]},{"@type":"ImageObject","inLanguage":"sk-SK","@id":"https:\/\/nethemba.com\/sk\/referencie-old\/ceskoslovenska-obchodna-banka-a-s\/#primaryimage","url":"https:\/\/nethemba.com\/wp-content\/uploads\/2015\/11\/csob-e1446847571798.jpg","contentUrl":"https:\/\/nethemba.com\/wp-content\/uploads\/2015\/11\/csob-e1446847571798.jpg","width":150,"height":130},{"@type":"BreadcrumbList","@id":"https:\/\/nethemba.com\/sk\/referencie-old\/ceskoslovenska-obchodna-banka-a-s\/#breadcrumb","itemListElement":[{"@type":"ListItem","position":1,"name":"Home","item":"https:\/\/nethemba.com\/sk\/domov\/"},{"@type":"ListItem","position":2,"name":"Referencie OLD","item":"https:\/\/nethemba.com\/sk\/referencie-old\/"},{"@type":"ListItem","position":3,"name":"\u010ceskoslovensk\u00e1 obchodn\u00e1 banka, a. s."}]},{"@type":"WebSite","@id":"https:\/\/nethemba.com\/de\/#website","url":"https:\/\/nethemba.com\/de\/","name":"Nethemba","description":"We care about your security","potentialAction":[{"@type":"SearchAction","target":{"@type":"EntryPoint","urlTemplate":"https:\/\/nethemba.com\/de\/?s={search_term_string}"},"query-input":{"@type":"PropertyValueSpecification","valueRequired":true,"valueName":"search_term_string"}}],"inLanguage":"sk-SK"}]}},"_links":{"self":[{"href":"https:\/\/nethemba.com\/sk\/wp-json\/wp\/v2\/pages\/651","targetHints":{"allow":["GET"]}}],"collection":[{"href":"https:\/\/nethemba.com\/sk\/wp-json\/wp\/v2\/pages"}],"about":[{"href":"https:\/\/nethemba.com\/sk\/wp-json\/wp\/v2\/types\/page"}],"author":[{"embeddable":true,"href":"https:\/\/nethemba.com\/sk\/wp-json\/wp\/v2\/users\/2"}],"replies":[{"embeddable":true,"href":"https:\/\/nethemba.com\/sk\/wp-json\/wp\/v2\/comments?post=651"}],"version-history":[{"count":0,"href":"https:\/\/nethemba.com\/sk\/wp-json\/wp\/v2\/pages\/651\/revisions"}],"up":[{"embeddable":true,"href":"https:\/\/nethemba.com\/sk\/wp-json\/wp\/v2\/pages\/304"}],"wp:featuredmedia":[{"embeddable":true,"href":"https:\/\/nethemba.com\/sk\/wp-json\/wp\/v2\/media\/2977"}],"wp:attachment":[{"href":"https:\/\/nethemba.com\/sk\/wp-json\/wp\/v2\/media?parent=651"}],"curies":[{"name":"wp","href":"https:\/\/api.w.org\/{rel}","templated":true}]}}