{"id":7600,"date":"2025-03-16T18:33:24","date_gmt":"2025-03-16T17:33:24","guid":{"rendered":"https:\/\/nethemba.com\/?page_id=7600"},"modified":"2025-04-04T03:45:33","modified_gmt":"2025-04-04T01:45:33","slug":"o-nas","status":"publish","type":"page","link":"https:\/\/nethemba.com\/sk\/o-nas\/","title":{"rendered":"O n\u00e1s nov\u00fd"},"content":{"rendered":"\t\t<div data-elementor-type=\"wp-page\" data-elementor-id=\"7600\" class=\"elementor elementor-7600 elementor-6868\" data-elementor-post-type=\"page\">\n\t\t\t\t<div class=\"elementor-element elementor-element-4b41e359 elementor-hidden-mobile e-flex e-con-boxed e-con e-parent\" data-id=\"4b41e359\" data-element_type=\"container\" data-e-type=\"container\" data-settings=\"{&quot;background_background&quot;:&quot;gradient&quot;}\">\n\t\t\t\t\t<div class=\"e-con-inner\">\n\t\t<div class=\"elementor-element elementor-element-703816e7 e-con-full e-flex e-con e-child\" data-id=\"703816e7\" data-element_type=\"container\" data-e-type=\"container\">\n\t\t\t\t<div class=\"elementor-element elementor-element-638810ad elementor-widget elementor-widget-heading\" data-id=\"638810ad\" data-element_type=\"widget\" data-e-type=\"widget\" data-widget_type=\"heading.default\">\n\t\t\t\t<div class=\"elementor-widget-container\">\n\t\t\t\t\t<h2 class=\"elementor-heading-title elementor-size-default\">O n\u00e1s<\/h2>\t\t\t\t<\/div>\n\t\t\t\t<\/div>\n\t\t\t\t<div class=\"elementor-element elementor-element-18a5187b elementor-widget-divider--view-line elementor-widget elementor-widget-divider\" data-id=\"18a5187b\" data-element_type=\"widget\" data-e-type=\"widget\" data-widget_type=\"divider.default\">\n\t\t\t\t<div class=\"elementor-widget-container\">\n\t\t\t\t\t\t\t<div class=\"elementor-divider\">\n\t\t\t<span class=\"elementor-divider-separator\">\n\t\t\t\t\t\t<\/span>\n\t\t<\/div>\n\t\t\t\t\t\t<\/div>\n\t\t\t\t<\/div>\n\t\t\t\t<\/div>\n\t\t<div class=\"elementor-element elementor-element-78f78fed e-con-full elementor-hidden-mobile e-flex e-con e-child\" data-id=\"78f78fed\" data-element_type=\"container\" data-e-type=\"container\">\n\t\t\t\t<div class=\"elementor-element elementor-element-3b8f2459 elementor-widget elementor-widget-image\" data-id=\"3b8f2459\" data-element_type=\"widget\" data-e-type=\"widget\" data-widget_type=\"image.default\">\n\t\t\t\t<div class=\"elementor-widget-container\">\n\t\t\t\t\t\t\t\t\t\t\t\t\t\t\t<img fetchpriority=\"high\" decoding=\"async\" width=\"777\" height=\"640\" src=\"https:\/\/nethemba.com\/wp-content\/uploads\/2025\/03\/HeroImg-squared-5-1.png\" class=\"attachment-large size-large wp-image-6851\" alt=\"\" srcset=\"https:\/\/nethemba.com\/wp-content\/uploads\/2025\/03\/HeroImg-squared-5-1.png 777w, https:\/\/nethemba.com\/wp-content\/uploads\/2025\/03\/HeroImg-squared-5-1-300x247.png 300w, https:\/\/nethemba.com\/wp-content\/uploads\/2025\/03\/HeroImg-squared-5-1-768x633.png 768w\" sizes=\"(max-width: 777px) 100vw, 777px\" \/>\t\t\t\t\t\t\t\t\t\t\t\t\t\t\t<\/div>\n\t\t\t\t<\/div>\n\t\t\t\t<\/div>\n\t\t\t\t\t<\/div>\n\t\t\t\t<\/div>\n\t\t<div class=\"elementor-element elementor-element-38ebbb1f elementor-hidden-desktop elementor-hidden-tablet e-flex e-con-boxed e-con e-parent\" data-id=\"38ebbb1f\" data-element_type=\"container\" data-e-type=\"container\" id=\"hero-mobile\" data-settings=\"{&quot;background_background&quot;:&quot;classic&quot;}\">\n\t\t\t\t\t<div class=\"e-con-inner\">\n\t\t<div class=\"elementor-element elementor-element-32a886c0 e-con-full e-flex e-con e-child\" data-id=\"32a886c0\" data-element_type=\"container\" data-e-type=\"container\">\n\t\t\t\t<div class=\"elementor-element elementor-element-4fcce876 elementor-widget elementor-widget-heading\" data-id=\"4fcce876\" data-element_type=\"widget\" data-e-type=\"widget\" data-widget_type=\"heading.default\">\n\t\t\t\t<div class=\"elementor-widget-container\">\n\t\t\t\t\t<h2 class=\"elementor-heading-title elementor-size-default\">O n\u00e1s<\/h2>\t\t\t\t<\/div>\n\t\t\t\t<\/div>\n\t\t\t\t<div class=\"elementor-element elementor-element-22bb2479 elementor-widget-divider--view-line elementor-widget elementor-widget-divider\" data-id=\"22bb2479\" data-element_type=\"widget\" data-e-type=\"widget\" data-widget_type=\"divider.default\">\n\t\t\t\t<div class=\"elementor-widget-container\">\n\t\t\t\t\t\t\t<div class=\"elementor-divider\">\n\t\t\t<span class=\"elementor-divider-separator\">\n\t\t\t\t\t\t<\/span>\n\t\t<\/div>\n\t\t\t\t\t\t<\/div>\n\t\t\t\t<\/div>\n\t\t\t\t<\/div>\n\t\t<div class=\"elementor-element elementor-element-2e60523c e-con-full e-flex e-con e-child\" data-id=\"2e60523c\" data-element_type=\"container\" data-e-type=\"container\">\n\t\t\t\t<div class=\"elementor-element elementor-element-e3230d9 elementor-widget elementor-widget-image\" data-id=\"e3230d9\" data-element_type=\"widget\" data-e-type=\"widget\" data-widget_type=\"image.default\">\n\t\t\t\t<div class=\"elementor-widget-container\">\n\t\t\t\t\t\t\t\t\t\t\t\t\t\t\t<img decoding=\"async\" width=\"777\" height=\"640\" src=\"https:\/\/nethemba.com\/wp-content\/uploads\/2025\/03\/HeroImg-squared-1-1.png\" class=\"attachment-large size-large wp-image-6856\" alt=\"\" srcset=\"https:\/\/nethemba.com\/wp-content\/uploads\/2025\/03\/HeroImg-squared-1-1.png 777w, https:\/\/nethemba.com\/wp-content\/uploads\/2025\/03\/HeroImg-squared-1-1-300x247.png 300w, https:\/\/nethemba.com\/wp-content\/uploads\/2025\/03\/HeroImg-squared-1-1-768x633.png 768w\" sizes=\"(max-width: 777px) 100vw, 777px\" \/>\t\t\t\t\t\t\t\t\t\t\t\t\t\t\t<\/div>\n\t\t\t\t<\/div>\n\t\t\t\t<\/div>\n\t\t\t\t\t<\/div>\n\t\t\t\t<\/div>\n\t\t<div class=\"elementor-element elementor-element-15a809f0 e-flex e-con-boxed e-con e-parent\" data-id=\"15a809f0\" data-element_type=\"container\" data-e-type=\"container\" data-settings=\"{&quot;background_background&quot;:&quot;gradient&quot;}\">\n\t\t\t\t\t<div class=\"e-con-inner\">\n\t\t<div class=\"elementor-element elementor-element-5944c1b8 e-con-full e-flex e-con e-child\" data-id=\"5944c1b8\" data-element_type=\"container\" data-e-type=\"container\">\n\t\t\t\t<div class=\"elementor-element elementor-element-704b2b1a elementor-widget elementor-widget-heading\" data-id=\"704b2b1a\" data-element_type=\"widget\" data-e-type=\"widget\" id=\"description-text\" data-widget_type=\"heading.default\">\n\t\t\t\t<div class=\"elementor-widget-container\">\n\t\t\t\t\t<h2 class=\"elementor-heading-title elementor-size-default\"><b>Nethemba<\/b> je slovensk\u00e1 bezpe\u010dnostn\u00e1 IT spolo\u010dnos\u0165 zalo\u017een\u00e1 v roku 2007 \u0161pecializuj\u00faca sa prim\u00e1rne na bezpe\u010dnos\u0165 webov\u00fdch aplik\u00e1ci\u00ed a penetra\u010dn\u00e9 testy. Tvoria ju \u0161pecialisti s dlhoro\u010dn\u00fdmi sk\u00fasenos\u0165ami v oblasti bezpe\u010dnosti. Okrem \u0161irok\u00e9ho portf\u00f3lia, ktor\u00e9 zah\u0155\u0148a intranetov\u00e9 a lok\u00e1lne syst\u00e9mov\u00e9 audity, digit\u00e1lne forenzn\u00e9 anal\u00fdzy, audity bezdr\u00f4tov\u00fdch siet\u00ed, \u010di bezpe\u010dn\u00fd n\u00e1vrh VoIP, Nethemba ako jedin\u00e1 na Slovensku a v \u010cech\u00e1ch pon\u00faka bezpe\u010dnostn\u00e9 audity RFID technol\u00f3gi\u00ed a venuje sa akt\u00edvnemu v\u00fdskumu v oblasti bezpe\u010dnosti, \u010do demon\u0161truje pravideln\u00fdmi prezent\u00e1ciami na konferenci\u00e1ch po celom svete.<\/h2>\t\t\t\t<\/div>\n\t\t\t\t<\/div>\n\t\t\t\t<div class=\"elementor-element elementor-element-1ad2f987 elementor-align-left elementor-widget elementor-widget-button\" data-id=\"1ad2f987\" data-element_type=\"widget\" data-e-type=\"widget\" id=\"button-o-nas\" data-widget_type=\"button.default\">\n\t\t\t\t<div class=\"elementor-widget-container\">\n\t\t\t\t\t\t\t\t\t<div class=\"elementor-button-wrapper\">\n\t\t\t\t\t<a class=\"elementor-button elementor-button-link elementor-size-sm\" href=\"\/home#our-services\">\n\t\t\t\t\t\t<span class=\"elementor-button-content-wrapper\">\n\t\t\t\t\t\t\t\t\t<span class=\"elementor-button-text\">Na\u0161e slu\u017eby<\/span>\n\t\t\t\t\t<\/span>\n\t\t\t\t\t<\/a>\n\t\t\t\t<\/div>\n\t\t\t\t\t\t\t\t<\/div>\n\t\t\t\t<\/div>\n\t\t\t\t<\/div>\n\t\t<div class=\"elementor-element elementor-element-2b5e7022 e-con-full e-flex e-con e-child\" data-id=\"2b5e7022\" data-element_type=\"container\" data-e-type=\"container\">\n\t\t<div class=\"elementor-element elementor-element-b760c18 e-con-full e-flex e-con e-child\" data-id=\"b760c18\" data-element_type=\"container\" data-e-type=\"container\">\n\t\t<div class=\"elementor-element elementor-element-563b33b7 e-con-full container-about e-flex e-con e-child\" data-id=\"563b33b7\" data-element_type=\"container\" data-e-type=\"container\">\n\t\t\t\t<div class=\"elementor-element elementor-element-d9793c5 box-about elementor-position-top elementor-widget elementor-widget-image-box\" data-id=\"d9793c5\" data-element_type=\"widget\" data-e-type=\"widget\" data-widget_type=\"image-box.default\">\n\t\t\t\t<div class=\"elementor-widget-container\">\n\t\t\t\t\t<div class=\"elementor-image-box-wrapper\"><figure class=\"elementor-image-box-img\"><a href=\"https:\/\/nethemba.com\/sk\/o-nas\/nas-tim-novy\/\" tabindex=\"-1\"><img decoding=\"async\" width=\"130\" height=\"120\" src=\"https:\/\/nethemba.com\/wp-content\/uploads\/2025\/03\/Team-1.png\" class=\"attachment-full size-full wp-image-6869\" alt=\"\" \/><\/a><\/figure><div class=\"elementor-image-box-content\"><h3 class=\"elementor-image-box-title\"><a href=\"https:\/\/nethemba.com\/sk\/o-nas\/nas-tim-novy\/\">N\u00e1\u0161 t\u00edm<\/a><\/h3><\/div><\/div>\t\t\t\t<\/div>\n\t\t\t\t<\/div>\n\t\t\t\t<\/div>\n\t\t<div class=\"elementor-element elementor-element-5627fc86 e-con-full container-about e-flex e-con e-child\" data-id=\"5627fc86\" data-element_type=\"container\" data-e-type=\"container\">\n\t\t\t\t<div class=\"elementor-element elementor-element-642cca07 box-about elementor-position-top elementor-widget elementor-widget-image-box\" data-id=\"642cca07\" data-element_type=\"widget\" data-e-type=\"widget\" data-widget_type=\"image-box.default\">\n\t\t\t\t<div class=\"elementor-widget-container\">\n\t\t\t\t\t<div class=\"elementor-image-box-wrapper\"><figure class=\"elementor-image-box-img\"><a href=\"https:\/\/nethemba.com\/sk\/o-nas\/vyskum\/\" tabindex=\"-1\"><img loading=\"lazy\" decoding=\"async\" width=\"123\" height=\"120\" src=\"https:\/\/nethemba.com\/wp-content\/uploads\/2025\/03\/Research-1.png\" class=\"attachment-full size-full wp-image-6874\" alt=\"\" \/><\/a><\/figure><div class=\"elementor-image-box-content\"><h3 class=\"elementor-image-box-title\"><a href=\"https:\/\/nethemba.com\/sk\/o-nas\/vyskum\/\">V\u00fdskum<\/a><\/h3><\/div><\/div>\t\t\t\t<\/div>\n\t\t\t\t<\/div>\n\t\t\t\t<\/div>\n\t\t\t\t<\/div>\n\t\t<div class=\"elementor-element elementor-element-32a1f176 e-con-full e-flex e-con e-child\" data-id=\"32a1f176\" data-element_type=\"container\" data-e-type=\"container\">\n\t\t<div class=\"elementor-element elementor-element-7f97ae1b e-con-full container-about e-flex e-con e-child\" data-id=\"7f97ae1b\" data-element_type=\"container\" data-e-type=\"container\">\n\t\t\t\t<div class=\"elementor-element elementor-element-487a3675 box-about elementor-position-top elementor-widget elementor-widget-image-box\" data-id=\"487a3675\" data-element_type=\"widget\" data-e-type=\"widget\" data-widget_type=\"image-box.default\">\n\t\t\t\t<div class=\"elementor-widget-container\">\n\t\t\t\t\t<div class=\"elementor-image-box-wrapper\"><figure class=\"elementor-image-box-img\"><a href=\"https:\/\/nethemba.com\/sk\/o-nas\/sponzorovany-vyskum\/\" tabindex=\"-1\"><img loading=\"lazy\" decoding=\"async\" width=\"81\" height=\"120\" src=\"https:\/\/nethemba.com\/wp-content\/uploads\/2025\/03\/Sponsored-1.png\" class=\"attachment-full size-full wp-image-6879\" alt=\"\" \/><\/a><\/figure><div class=\"elementor-image-box-content\"><h3 class=\"elementor-image-box-title\"><a href=\"https:\/\/nethemba.com\/sk\/o-nas\/sponzorovany-vyskum\/\">Sponzorovan\u00fd v\u00fdskum<\/a><\/h3><\/div><\/div>\t\t\t\t<\/div>\n\t\t\t\t<\/div>\n\t\t\t\t<\/div>\n\t\t<div class=\"elementor-element elementor-element-667aead6 e-con-full container-about e-flex e-con e-child\" data-id=\"667aead6\" data-element_type=\"container\" data-e-type=\"container\">\n\t\t\t\t<div class=\"elementor-element elementor-element-22b5f200 box-about elementor-position-top elementor-widget elementor-widget-image-box\" data-id=\"22b5f200\" data-element_type=\"widget\" data-e-type=\"widget\" data-widget_type=\"image-box.default\">\n\t\t\t\t<div class=\"elementor-widget-container\">\n\t\t\t\t\t<div class=\"elementor-image-box-wrapper\"><figure class=\"elementor-image-box-img\"><a href=\"https:\/\/nethemba.com\/sk\/o-nas\/udalosti\/\" tabindex=\"-1\"><img loading=\"lazy\" decoding=\"async\" width=\"120\" height=\"120\" src=\"https:\/\/nethemba.com\/wp-content\/uploads\/2025\/03\/Events-1.png\" class=\"attachment-full size-full wp-image-6884\" alt=\"\" \/><\/a><\/figure><div class=\"elementor-image-box-content\"><h3 class=\"elementor-image-box-title\"><a href=\"https:\/\/nethemba.com\/sk\/o-nas\/udalosti\/\">Udalosti<\/a><\/h3><\/div><\/div>\t\t\t\t<\/div>\n\t\t\t\t<\/div>\n\t\t\t\t<\/div>\n\t\t\t\t<\/div>\n\t\t\t\t<\/div>\n\t\t\t\t\t<\/div>\n\t\t\t\t<\/div>\n\t\t\t\t<\/div>\n\t\t","protected":false},"excerpt":{"rendered":"<p>O n\u00e1s O n\u00e1s Nethemba je slovensk\u00e1 bezpe\u010dnostn\u00e1 IT spolo\u010dnos\u0165 zalo\u017een\u00e1 v roku 2007 \u0161pecializuj\u00faca sa prim\u00e1rne na bezpe\u010dnos\u0165 webov\u00fdch aplik\u00e1ci\u00ed a penetra\u010dn\u00e9 testy. Tvoria ju \u0161pecialisti s dlhoro\u010dn\u00fdmi sk\u00fasenos\u0165ami v oblasti bezpe\u010dnosti. Okrem \u0161irok\u00e9ho portf\u00f3lia, ktor\u00e9 zah\u0155\u0148a intranetov\u00e9 a lok\u00e1lne syst\u00e9mov\u00e9 audity, digit\u00e1lne forenzn\u00e9 anal\u00fdzy, audity bezdr\u00f4tov\u00fdch siet\u00ed, \u010di bezpe\u010dn\u00fd n\u00e1vrh VoIP, Nethemba ako [&hellip;]<\/p>\n","protected":false},"author":2,"featured_media":0,"parent":0,"menu_order":0,"comment_status":"closed","ping_status":"closed","template":"elementor_header_footer","meta":{"inline_featured_image":false,"_monsterinsights_skip_tracking":false,"_monsterinsights_sitenote_active":false,"_monsterinsights_sitenote_note":"","_monsterinsights_sitenote_category":0,"footnotes":""},"class_list":["post-7600","page","type-page","status-publish","hentry"],"yoast_head":"<!-- This site is optimized with the Yoast SEO plugin v27.4 - https:\/\/yoast.com\/product\/yoast-seo-wordpress\/ -->\n<title>O n\u00e1s nov\u00fd - Nethemba<\/title>\n<meta name=\"robots\" content=\"index, follow, max-snippet:-1, max-image-preview:large, max-video-preview:-1\" \/>\n<link rel=\"canonical\" href=\"https:\/\/nethemba.com\/cs\/o-nas\/\" \/>\n<meta property=\"og:locale\" content=\"sk_SK\" \/>\n<meta property=\"og:type\" content=\"article\" \/>\n<meta property=\"og:title\" content=\"O n\u00e1s nov\u00fd - Nethemba\" \/>\n<meta property=\"og:description\" content=\"O n\u00e1s O n\u00e1s Nethemba je slovensk\u00e1 bezpe\u010dnostn\u00e1 IT spolo\u010dnos\u0165 zalo\u017een\u00e1 v roku 2007 \u0161pecializuj\u00faca sa prim\u00e1rne na bezpe\u010dnos\u0165 webov\u00fdch aplik\u00e1ci\u00ed a penetra\u010dn\u00e9 testy. Tvoria ju \u0161pecialisti s dlhoro\u010dn\u00fdmi sk\u00fasenos\u0165ami v oblasti bezpe\u010dnosti. Okrem \u0161irok\u00e9ho portf\u00f3lia, ktor\u00e9 zah\u0155\u0148a intranetov\u00e9 a lok\u00e1lne syst\u00e9mov\u00e9 audity, digit\u00e1lne forenzn\u00e9 anal\u00fdzy, audity bezdr\u00f4tov\u00fdch siet\u00ed, \u010di bezpe\u010dn\u00fd n\u00e1vrh VoIP, Nethemba ako [&hellip;]\" \/>\n<meta property=\"og:url\" content=\"https:\/\/nethemba.com\/cs\/o-nas\/\" \/>\n<meta property=\"og:site_name\" content=\"Nethemba\" \/>\n<meta property=\"article:publisher\" content=\"https:\/\/www.facebook.com\/nethemba\" \/>\n<meta property=\"article:modified_time\" content=\"2025-04-04T01:45:33+00:00\" \/>\n<meta property=\"og:image\" content=\"https:\/\/nethemba.com\/wp-content\/uploads\/2025\/03\/HeroImg-squared-5-1.png\" \/>\n\t<meta property=\"og:image:width\" content=\"777\" \/>\n\t<meta property=\"og:image:height\" content=\"640\" \/>\n\t<meta property=\"og:image:type\" content=\"image\/png\" \/>\n<meta name=\"twitter:card\" content=\"summary_large_image\" \/>\n<meta name=\"twitter:site\" content=\"@nethemba\" \/>\n<meta name=\"twitter:label1\" content=\"Predpokladan\u00fd \u010das \u010d\u00edtania\" \/>\n\t<meta name=\"twitter:data1\" content=\"2 min\u00faty\" \/>\n<script type=\"application\/ld+json\" class=\"yoast-schema-graph\">{\"@context\":\"https:\\\/\\\/schema.org\",\"@graph\":[{\"@type\":\"WebPage\",\"@id\":\"https:\\\/\\\/nethemba.com\\\/cs\\\/o-nas\\\/\",\"url\":\"https:\\\/\\\/nethemba.com\\\/cs\\\/o-nas\\\/\",\"name\":\"O n\u00e1s nov\u00fd - Nethemba\",\"isPartOf\":{\"@id\":\"https:\\\/\\\/nethemba.com\\\/de\\\/#website\"},\"primaryImageOfPage\":{\"@id\":\"https:\\\/\\\/nethemba.com\\\/cs\\\/o-nas\\\/#primaryimage\"},\"image\":{\"@id\":\"https:\\\/\\\/nethemba.com\\\/cs\\\/o-nas\\\/#primaryimage\"},\"thumbnailUrl\":\"https:\\\/\\\/nethemba.com\\\/wp-content\\\/uploads\\\/2025\\\/03\\\/HeroImg-squared-5-1.png\",\"datePublished\":\"2025-03-16T17:33:24+00:00\",\"dateModified\":\"2025-04-04T01:45:33+00:00\",\"breadcrumb\":{\"@id\":\"https:\\\/\\\/nethemba.com\\\/cs\\\/o-nas\\\/#breadcrumb\"},\"inLanguage\":\"sk-SK\",\"potentialAction\":[{\"@type\":\"ReadAction\",\"target\":[\"https:\\\/\\\/nethemba.com\\\/cs\\\/o-nas\\\/\"]}]},{\"@type\":\"ImageObject\",\"inLanguage\":\"sk-SK\",\"@id\":\"https:\\\/\\\/nethemba.com\\\/cs\\\/o-nas\\\/#primaryimage\",\"url\":\"https:\\\/\\\/nethemba.com\\\/wp-content\\\/uploads\\\/2025\\\/03\\\/HeroImg-squared-5-1.png\",\"contentUrl\":\"https:\\\/\\\/nethemba.com\\\/wp-content\\\/uploads\\\/2025\\\/03\\\/HeroImg-squared-5-1.png\"},{\"@type\":\"BreadcrumbList\",\"@id\":\"https:\\\/\\\/nethemba.com\\\/cs\\\/o-nas\\\/#breadcrumb\",\"itemListElement\":[{\"@type\":\"ListItem\",\"position\":1,\"name\":\"Home\",\"item\":\"https:\\\/\\\/nethemba.com\\\/sk\\\/domov\\\/\"},{\"@type\":\"ListItem\",\"position\":2,\"name\":\"O n\u00e1s nov\u00fd\"}]},{\"@type\":\"WebSite\",\"@id\":\"https:\\\/\\\/nethemba.com\\\/de\\\/#website\",\"url\":\"https:\\\/\\\/nethemba.com\\\/de\\\/\",\"name\":\"Nethemba\",\"description\":\"We care about your security\",\"potentialAction\":[{\"@type\":\"SearchAction\",\"target\":{\"@type\":\"EntryPoint\",\"urlTemplate\":\"https:\\\/\\\/nethemba.com\\\/de\\\/?s={search_term_string}\"},\"query-input\":{\"@type\":\"PropertyValueSpecification\",\"valueRequired\":true,\"valueName\":\"search_term_string\"}}],\"inLanguage\":\"sk-SK\"}]}<\/script>\n<!-- \/ Yoast SEO plugin. -->","yoast_head_json":{"title":"O n\u00e1s nov\u00fd - Nethemba","robots":{"index":"index","follow":"follow","max-snippet":"max-snippet:-1","max-image-preview":"max-image-preview:large","max-video-preview":"max-video-preview:-1"},"canonical":"https:\/\/nethemba.com\/cs\/o-nas\/","og_locale":"sk_SK","og_type":"article","og_title":"O n\u00e1s nov\u00fd - Nethemba","og_description":"O n\u00e1s O n\u00e1s Nethemba je slovensk\u00e1 bezpe\u010dnostn\u00e1 IT spolo\u010dnos\u0165 zalo\u017een\u00e1 v roku 2007 \u0161pecializuj\u00faca sa prim\u00e1rne na bezpe\u010dnos\u0165 webov\u00fdch aplik\u00e1ci\u00ed a penetra\u010dn\u00e9 testy. Tvoria ju \u0161pecialisti s dlhoro\u010dn\u00fdmi sk\u00fasenos\u0165ami v oblasti bezpe\u010dnosti. Okrem \u0161irok\u00e9ho portf\u00f3lia, ktor\u00e9 zah\u0155\u0148a intranetov\u00e9 a lok\u00e1lne syst\u00e9mov\u00e9 audity, digit\u00e1lne forenzn\u00e9 anal\u00fdzy, audity bezdr\u00f4tov\u00fdch siet\u00ed, \u010di bezpe\u010dn\u00fd n\u00e1vrh VoIP, Nethemba ako [&hellip;]","og_url":"https:\/\/nethemba.com\/cs\/o-nas\/","og_site_name":"Nethemba","article_publisher":"https:\/\/www.facebook.com\/nethemba","article_modified_time":"2025-04-04T01:45:33+00:00","og_image":[{"width":777,"height":640,"url":"https:\/\/nethemba.com\/wp-content\/uploads\/2025\/03\/HeroImg-squared-5-1.png","type":"image\/png"}],"twitter_card":"summary_large_image","twitter_site":"@nethemba","twitter_misc":{"Predpokladan\u00fd \u010das \u010d\u00edtania":"2 min\u00faty"},"schema":{"@context":"https:\/\/schema.org","@graph":[{"@type":"WebPage","@id":"https:\/\/nethemba.com\/cs\/o-nas\/","url":"https:\/\/nethemba.com\/cs\/o-nas\/","name":"O n\u00e1s nov\u00fd - Nethemba","isPartOf":{"@id":"https:\/\/nethemba.com\/de\/#website"},"primaryImageOfPage":{"@id":"https:\/\/nethemba.com\/cs\/o-nas\/#primaryimage"},"image":{"@id":"https:\/\/nethemba.com\/cs\/o-nas\/#primaryimage"},"thumbnailUrl":"https:\/\/nethemba.com\/wp-content\/uploads\/2025\/03\/HeroImg-squared-5-1.png","datePublished":"2025-03-16T17:33:24+00:00","dateModified":"2025-04-04T01:45:33+00:00","breadcrumb":{"@id":"https:\/\/nethemba.com\/cs\/o-nas\/#breadcrumb"},"inLanguage":"sk-SK","potentialAction":[{"@type":"ReadAction","target":["https:\/\/nethemba.com\/cs\/o-nas\/"]}]},{"@type":"ImageObject","inLanguage":"sk-SK","@id":"https:\/\/nethemba.com\/cs\/o-nas\/#primaryimage","url":"https:\/\/nethemba.com\/wp-content\/uploads\/2025\/03\/HeroImg-squared-5-1.png","contentUrl":"https:\/\/nethemba.com\/wp-content\/uploads\/2025\/03\/HeroImg-squared-5-1.png"},{"@type":"BreadcrumbList","@id":"https:\/\/nethemba.com\/cs\/o-nas\/#breadcrumb","itemListElement":[{"@type":"ListItem","position":1,"name":"Home","item":"https:\/\/nethemba.com\/sk\/domov\/"},{"@type":"ListItem","position":2,"name":"O n\u00e1s nov\u00fd"}]},{"@type":"WebSite","@id":"https:\/\/nethemba.com\/de\/#website","url":"https:\/\/nethemba.com\/de\/","name":"Nethemba","description":"We care about your security","potentialAction":[{"@type":"SearchAction","target":{"@type":"EntryPoint","urlTemplate":"https:\/\/nethemba.com\/de\/?s={search_term_string}"},"query-input":{"@type":"PropertyValueSpecification","valueRequired":true,"valueName":"search_term_string"}}],"inLanguage":"sk-SK"}]}},"_links":{"self":[{"href":"https:\/\/nethemba.com\/sk\/wp-json\/wp\/v2\/pages\/7600","targetHints":{"allow":["GET"]}}],"collection":[{"href":"https:\/\/nethemba.com\/sk\/wp-json\/wp\/v2\/pages"}],"about":[{"href":"https:\/\/nethemba.com\/sk\/wp-json\/wp\/v2\/types\/page"}],"author":[{"embeddable":true,"href":"https:\/\/nethemba.com\/sk\/wp-json\/wp\/v2\/users\/2"}],"replies":[{"embeddable":true,"href":"https:\/\/nethemba.com\/sk\/wp-json\/wp\/v2\/comments?post=7600"}],"version-history":[{"count":38,"href":"https:\/\/nethemba.com\/sk\/wp-json\/wp\/v2\/pages\/7600\/revisions"}],"predecessor-version":[{"id":8770,"href":"https:\/\/nethemba.com\/sk\/wp-json\/wp\/v2\/pages\/7600\/revisions\/8770"}],"wp:attachment":[{"href":"https:\/\/nethemba.com\/sk\/wp-json\/wp\/v2\/media?parent=7600"}],"curies":[{"name":"wp","href":"https:\/\/api.w.org\/{rel}","templated":true}]}}