{"id":788,"date":"2015-11-09T12:52:40","date_gmt":"2015-11-09T12:52:40","guid":{"rendered":"http:\/\/nethemba.com\/sk\/?page_id=788"},"modified":"2016-07-07T13:47:37","modified_gmt":"2016-07-07T13:47:37","slug":"zoznam-sponzorovanych-projektov","status":"publish","type":"page","link":"https:\/\/nethemba.com\/sk\/o-nas-old\/sponzorovany-vyskum\/zoznam-sponzorovanych-projektov\/","title":{"rendered":"Zoznam sponzorovan\u00fdch projektov"},"content":{"rendered":"<h3><strong> Integr\u00e1cia n\u00e1strojov MFOC a MFCUK, optimaliz\u00e1cie a zlep\u0161enie doteraj\u0161\u00edch n\u00e1strojov na z\u00edskavanie k\u013e\u00fa\u010dov z kariet Mifare Classic<\/strong><\/h3>\n<p><a href=\"https:\/\/github.com\/nfc-tools\/mfoc\">MFOC<\/a> predstavuje otvoren\u00fa implement\u00e1ciu n\u00e1stroja na prelomenie \u010dipov\u00fdch kariet Mifare Classic a z\u00edskanie v\u0161etk\u00fdch k\u013e\u00fa\u010dov vyu\u017eit\u00edm zranite\u013enosti <a href=\"https:\/\/nethemba.com\/sk\/o-nas\/vyskum\/\">\u201enested authentication&#8220; vyvinut\u00fd spolo\u010dnos\u0165ou Nethemba.<\/a><br \/>\n<a href=\"http:\/\/code.google.com\/p\/mfcuk\/\">MFCUK<\/a> predstavuje \u010fal\u0161iu otvoren\u00fa implement\u00e1ciu n\u00e1stroja na prelomenie \u010dipov\u00fdch kariet Mifare Classic vyvinut\u00fd Andreiom Costinom.<br \/>\nCie\u013eom projektu je zintegrova\u0165 uveden\u00e9 n\u00e1stroje a vyu\u017e\u00edvan\u00e9 pr\u00edstupy, analyzova\u0165 ako navz\u00e1jom s\u00favisia UID\/bloky\/k\u013e\u00fa\u010de\/Nt\/Nr danej karty s cie\u013eom ur\u00fdchli\u0165 \u010das prelomenia, analyzova\u0165 ako je mo\u017en\u00e9 ur\u00fdchli\u0165 \u00fatok pri znalosti prefixov alebo cel\u00fdch \u010dast\u00ed u\u017e pou\u017e\u00edvan\u00fdch (\u201edefault&#8220;) k\u013e\u00fa\u010dov a vytvori\u0165 funk\u010dn\u00fa robustn\u00fa optimalizovan\u00fa verziu n\u00e1stroja na z\u00edskavanie k\u013e\u00fa\u010dov kariet Mifare Classic.<\/p>\n<h3><strong>Tvorba n\u00e1stroja na 100% emul\u00e1ciu Mifare Classic kariet pomocou Nokia NFC telef\u00f3nov (6212, 6131)<\/strong><\/h3>\n<p>Cie\u013eom projektu je umo\u017eni\u0165 100% emul\u00e1ciu \u010dipov\u00fdch kariet Mifare Classic na Nokia NFC telef\u00f3noch (\u0161tandardne je emul\u00e1cia UID znemo\u017enen\u00e1 na \u00farovni Nokia NFC SDK). Cie\u013eom je pou\u017eit\u00edm reverzn\u00e9ho in\u017einierstva Nokia NFC SDK sfunk\u010dni\u0165 emul\u00e1ciu UID alebo nap\u00edsa\u0165 vlastn\u00fa implement\u00e1ciu emul\u00e1cie bez pou\u017eitia Nokia NFC SDK &#8211; vyu\u017eit\u00edm GCF (Generic Connection Framework).<br \/>\nOkrem toho je potrebn\u00e9 nap\u00edsa\u0165 jednoduch\u00fa GUI aplik\u00e1ciu, ktor\u00e1 umo\u017en\u00ed vybra\u0165 mfd dump (z\u00edskan\u00fd na\u0161im n\u00e1strojom <a href=\"https:\/\/github.com\/nfc-tools\/mfoc\">MFOC<\/a>) a interakt\u00edvne ho odemulova\u0165 na Nokia NFC telef\u00f3ne (6212, 6131).<br \/>\nViac inform\u00e1ci\u00ed &#8211; <a href=\"http:\/\/code.google.com\/p\/mfcuk\/wiki\/MifareClassicFullSoftTagEmulation\">Mifare Classic 100% SoftTag Emulation \u2013 using Nokia 6131 or Nokia 6212,<\/a> <a href=\"http:\/\/www.forum.nokia.com\/Library\/Tools_and_downloads\/Other\/Series_40_Nokia_6212_NFC_SDK\/\">Series 40 Nokia 6212 NFC SDK.<\/a><\/p>\n<h3><strong>Overenie bezpe\u010dnosti \u010d\u00edta\u010diek slovensk\u00fdch biometrick\u00fdch pasov<\/strong><\/h3>\n<p>Cie\u013eom projektu je vytvori\u0165 n\u00e1stroj, ktor\u00fd na\u010d\u00edta slovensk\u00fd biometrick\u00fd pas pri znalosti MRZ k\u00f3du, to znamen\u00e1 bez odtla\u010dku prstu vlastn\u00edka pasu (EF.DG3) a \u201eActive Authentication Public Key Info&#8220; (EF.DG15), vytvor\u00ed jeho nedokonal\u00fd klon (upraven\u00fd passport index, tak aby neobsahoval EF.DG3 a EF.DG15) a umo\u017en\u00ed jeho emul\u00e1ciu cez Nokia NFC telef\u00f3n alebo \u010dipov\u00fa kartu NXP JCOP41 v.2.2.1 72K RANDOM_UID. S\u00fa\u010das\u0165ou projektu je overi\u0165, \u010di takto vytvoren\u00fd nedokonal\u00fd klon biometrick\u00e9ho pasu bude akceptovan\u00fd ofici\u00e1lnymi \u010d\u00edta\u010dkami biometrick\u00fdch pasov.<br \/>\nViac inform\u00e1cii \u2013 <a href=\"http:\/\/dexlab.nl\/downloads.html#emulator\">ePassport emulator<\/a> , <a href=\"http:\/\/freeworld.thc.org\/thc-epassport\/\">thC-ePassport<\/a>.<\/p>\n<h3><strong>Implement\u00e1cia prelomenia hitag2<\/strong><\/h3>\n<p>Cie\u013eom projektu je nap\u00edsa\u0165 funk\u010dn\u00fa implement\u00e1ciu demon\u0161tr\u00e1cie prelomenia technol\u00f3gie Hitag2 (\u010dip pou\u017e\u00edvan\u00fdch v aut\u00e1ch Renault, Opel, Peugeot) pomocou SAT solverov. Pri implement\u00e1cii je mo\u017en\u00e9 pou\u017ei\u0165 open-source implement\u00e1ciu <a href=\"http:\/\/minisat.se\/\">MiniSat<\/a>. Viac inform\u00e1ci\u00ed o prelomen\u00ed \u2013 <a href=\"https:\/\/har2009.org\/program\/attachments\/113_breaking_hitag2_part1_hardware.pdf\">Breaking Hitag2 Hardware<\/a> a<a href=\"https:\/\/har2009.org\/program\/attachments\/129_breaking_hitag2_part2_crypto.pdf\"> Breaking Hitag2 Crypto<\/a>.<\/p>\n<h3><strong>Implement\u00e1cia prelomenia Keeloq<\/strong><\/h3>\n<p>Cie\u013eom projektu je nap\u00edsa\u0165 funk\u010dn\u00fa implement\u00e1ciu demon\u0161tr\u00e1cie prelomenia technol\u00f3gie Keeloq (\u0161ifra pou\u017e\u00edvan\u00e1 v aut\u00e1ch Chrysler, Daewoo, Fiat, GM, Honda, Toyota, Volvo, Volkswagen Group, Jaguar). Viac inform\u00e1ci\u00ed \u2013 <a href=\"http:\/\/www.cosic.esat.kuleuven.be\/keeloq\/\">A Practical Attack on Keeloq I<\/a>, <a href=\"http:\/\/www.cosic.esat.kuleuven.be\/keeloq\/keeloq-rump.pdf\">A Practical Attack on KeeLoq II<\/a>, <a href=\"http:\/\/www.cosic.esat.kuleuven.be\/publications\/article-1045.pdf\">A Practical Attack on Keeloq (paper)<\/a>.<br \/>\nMo\u017enos\u0165 pre\u010d\u00edta\u0165 Keeloq komunik\u00e1ciu pomocou <a href=\"http:\/\/www.pittnerovi.com\/jiri\/hobby\/electronics\/keeloq\/index.html\">USRP2\/GNURadio<\/a>.<\/p>\n","protected":false},"excerpt":{"rendered":"<p>Integr\u00e1cia n\u00e1strojov MFOC a MFCUK, optimaliz\u00e1cie a zlep\u0161enie doteraj\u0161\u00edch n\u00e1strojov na z\u00edskavanie k\u013e\u00fa\u010dov z kariet Mifare Classic MFOC predstavuje otvoren\u00fa implement\u00e1ciu n\u00e1stroja na prelomenie \u010dipov\u00fdch kariet Mifare Classic a z\u00edskanie v\u0161etk\u00fdch k\u013e\u00fa\u010dov vyu\u017eit\u00edm zranite\u013enosti \u201enested authentication&#8220; vyvinut\u00fd spolo\u010dnos\u0165ou Nethemba. MFCUK predstavuje \u010fal\u0161iu otvoren\u00fa implement\u00e1ciu n\u00e1stroja na prelomenie \u010dipov\u00fdch kariet Mifare Classic vyvinut\u00fd Andreiom Costinom. Cie\u013eom [&hellip;]<\/p>\n","protected":false},"author":2,"featured_media":0,"parent":516,"menu_order":0,"comment_status":"closed","ping_status":"closed","template":"","meta":{"inline_featured_image":false,"_monsterinsights_skip_tracking":false,"_monsterinsights_sitenote_active":false,"_monsterinsights_sitenote_note":"","_monsterinsights_sitenote_category":0,"footnotes":""},"class_list":["post-788","page","type-page","status-publish","hentry"],"yoast_head":"<!-- This site is optimized with the Yoast SEO plugin v27.5 - https:\/\/yoast.com\/product\/yoast-seo-wordpress\/ -->\n<title>Zoznam sponzorovan\u00fdch projektov - Nethemba<\/title>\n<meta name=\"robots\" content=\"index, follow, max-snippet:-1, max-image-preview:large, max-video-preview:-1\" \/>\n<link rel=\"canonical\" href=\"https:\/\/nethemba.com\/sk\/o-nas-old\/sponzorovany-vyskum\/zoznam-sponzorovanych-projektov\/\" \/>\n<meta property=\"og:locale\" content=\"sk_SK\" \/>\n<meta property=\"og:type\" content=\"article\" \/>\n<meta property=\"og:title\" content=\"Zoznam sponzorovan\u00fdch projektov - Nethemba\" \/>\n<meta property=\"og:description\" content=\"Integr\u00e1cia n\u00e1strojov MFOC a MFCUK, optimaliz\u00e1cie a zlep\u0161enie doteraj\u0161\u00edch n\u00e1strojov na z\u00edskavanie k\u013e\u00fa\u010dov z kariet Mifare Classic MFOC predstavuje otvoren\u00fa implement\u00e1ciu n\u00e1stroja na prelomenie \u010dipov\u00fdch kariet Mifare Classic a z\u00edskanie v\u0161etk\u00fdch k\u013e\u00fa\u010dov vyu\u017eit\u00edm zranite\u013enosti \u201enested authentication&#8220; vyvinut\u00fd spolo\u010dnos\u0165ou Nethemba. MFCUK predstavuje \u010fal\u0161iu otvoren\u00fa implement\u00e1ciu n\u00e1stroja na prelomenie \u010dipov\u00fdch kariet Mifare Classic vyvinut\u00fd Andreiom Costinom. Cie\u013eom [&hellip;]\" \/>\n<meta property=\"og:url\" content=\"https:\/\/nethemba.com\/sk\/o-nas-old\/sponzorovany-vyskum\/zoznam-sponzorovanych-projektov\/\" \/>\n<meta property=\"og:site_name\" content=\"Nethemba\" \/>\n<meta property=\"article:publisher\" content=\"https:\/\/www.facebook.com\/nethemba\" \/>\n<meta property=\"article:modified_time\" content=\"2016-07-07T13:47:37+00:00\" \/>\n<meta name=\"twitter:card\" content=\"summary_large_image\" \/>\n<meta name=\"twitter:site\" content=\"@nethemba\" \/>\n<meta name=\"twitter:label1\" content=\"Predpokladan\u00fd \u010das \u010d\u00edtania\" \/>\n\t<meta name=\"twitter:data1\" content=\"3 min\u00faty\" \/>\n<script type=\"application\/ld+json\" class=\"yoast-schema-graph\">{\"@context\":\"https:\\\/\\\/schema.org\",\"@graph\":[{\"@type\":\"WebPage\",\"@id\":\"https:\\\/\\\/nethemba.com\\\/sk\\\/o-nas-old\\\/sponzorovany-vyskum\\\/zoznam-sponzorovanych-projektov\\\/\",\"url\":\"https:\\\/\\\/nethemba.com\\\/sk\\\/o-nas-old\\\/sponzorovany-vyskum\\\/zoznam-sponzorovanych-projektov\\\/\",\"name\":\"Zoznam sponzorovan\u00fdch projektov - Nethemba\",\"isPartOf\":{\"@id\":\"https:\\\/\\\/nethemba.com\\\/de\\\/#website\"},\"datePublished\":\"2015-11-09T12:52:40+00:00\",\"dateModified\":\"2016-07-07T13:47:37+00:00\",\"breadcrumb\":{\"@id\":\"https:\\\/\\\/nethemba.com\\\/sk\\\/o-nas-old\\\/sponzorovany-vyskum\\\/zoznam-sponzorovanych-projektov\\\/#breadcrumb\"},\"inLanguage\":\"sk-SK\",\"potentialAction\":[{\"@type\":\"ReadAction\",\"target\":[\"https:\\\/\\\/nethemba.com\\\/sk\\\/o-nas-old\\\/sponzorovany-vyskum\\\/zoznam-sponzorovanych-projektov\\\/\"]}]},{\"@type\":\"BreadcrumbList\",\"@id\":\"https:\\\/\\\/nethemba.com\\\/sk\\\/o-nas-old\\\/sponzorovany-vyskum\\\/zoznam-sponzorovanych-projektov\\\/#breadcrumb\",\"itemListElement\":[{\"@type\":\"ListItem\",\"position\":1,\"name\":\"Home\",\"item\":\"https:\\\/\\\/nethemba.com\\\/sk\\\/domov\\\/\"},{\"@type\":\"ListItem\",\"position\":2,\"name\":\"O n\u00e1s\",\"item\":\"https:\\\/\\\/nethemba.com\\\/sk\\\/o-nas-old\\\/\"},{\"@type\":\"ListItem\",\"position\":3,\"name\":\"Sponzorovan\u00fd v\u00fdskum\",\"item\":\"https:\\\/\\\/nethemba.com\\\/sk\\\/o-nas-old\\\/sponzorovany-vyskum\\\/\"},{\"@type\":\"ListItem\",\"position\":4,\"name\":\"Zoznam sponzorovan\u00fdch projektov\"}]},{\"@type\":\"WebSite\",\"@id\":\"https:\\\/\\\/nethemba.com\\\/de\\\/#website\",\"url\":\"https:\\\/\\\/nethemba.com\\\/de\\\/\",\"name\":\"Nethemba\",\"description\":\"We care about your security\",\"potentialAction\":[{\"@type\":\"SearchAction\",\"target\":{\"@type\":\"EntryPoint\",\"urlTemplate\":\"https:\\\/\\\/nethemba.com\\\/de\\\/?s={search_term_string}\"},\"query-input\":{\"@type\":\"PropertyValueSpecification\",\"valueRequired\":true,\"valueName\":\"search_term_string\"}}],\"inLanguage\":\"sk-SK\"}]}<\/script>\n<!-- \/ Yoast SEO plugin. -->","yoast_head_json":{"title":"Zoznam sponzorovan\u00fdch projektov - Nethemba","robots":{"index":"index","follow":"follow","max-snippet":"max-snippet:-1","max-image-preview":"max-image-preview:large","max-video-preview":"max-video-preview:-1"},"canonical":"https:\/\/nethemba.com\/sk\/o-nas-old\/sponzorovany-vyskum\/zoznam-sponzorovanych-projektov\/","og_locale":"sk_SK","og_type":"article","og_title":"Zoznam sponzorovan\u00fdch projektov - Nethemba","og_description":"Integr\u00e1cia n\u00e1strojov MFOC a MFCUK, optimaliz\u00e1cie a zlep\u0161enie doteraj\u0161\u00edch n\u00e1strojov na z\u00edskavanie k\u013e\u00fa\u010dov z kariet Mifare Classic MFOC predstavuje otvoren\u00fa implement\u00e1ciu n\u00e1stroja na prelomenie \u010dipov\u00fdch kariet Mifare Classic a z\u00edskanie v\u0161etk\u00fdch k\u013e\u00fa\u010dov vyu\u017eit\u00edm zranite\u013enosti \u201enested authentication&#8220; vyvinut\u00fd spolo\u010dnos\u0165ou Nethemba. MFCUK predstavuje \u010fal\u0161iu otvoren\u00fa implement\u00e1ciu n\u00e1stroja na prelomenie \u010dipov\u00fdch kariet Mifare Classic vyvinut\u00fd Andreiom Costinom. Cie\u013eom [&hellip;]","og_url":"https:\/\/nethemba.com\/sk\/o-nas-old\/sponzorovany-vyskum\/zoznam-sponzorovanych-projektov\/","og_site_name":"Nethemba","article_publisher":"https:\/\/www.facebook.com\/nethemba","article_modified_time":"2016-07-07T13:47:37+00:00","twitter_card":"summary_large_image","twitter_site":"@nethemba","twitter_misc":{"Predpokladan\u00fd \u010das \u010d\u00edtania":"3 min\u00faty"},"schema":{"@context":"https:\/\/schema.org","@graph":[{"@type":"WebPage","@id":"https:\/\/nethemba.com\/sk\/o-nas-old\/sponzorovany-vyskum\/zoznam-sponzorovanych-projektov\/","url":"https:\/\/nethemba.com\/sk\/o-nas-old\/sponzorovany-vyskum\/zoznam-sponzorovanych-projektov\/","name":"Zoznam sponzorovan\u00fdch projektov - Nethemba","isPartOf":{"@id":"https:\/\/nethemba.com\/de\/#website"},"datePublished":"2015-11-09T12:52:40+00:00","dateModified":"2016-07-07T13:47:37+00:00","breadcrumb":{"@id":"https:\/\/nethemba.com\/sk\/o-nas-old\/sponzorovany-vyskum\/zoznam-sponzorovanych-projektov\/#breadcrumb"},"inLanguage":"sk-SK","potentialAction":[{"@type":"ReadAction","target":["https:\/\/nethemba.com\/sk\/o-nas-old\/sponzorovany-vyskum\/zoznam-sponzorovanych-projektov\/"]}]},{"@type":"BreadcrumbList","@id":"https:\/\/nethemba.com\/sk\/o-nas-old\/sponzorovany-vyskum\/zoznam-sponzorovanych-projektov\/#breadcrumb","itemListElement":[{"@type":"ListItem","position":1,"name":"Home","item":"https:\/\/nethemba.com\/sk\/domov\/"},{"@type":"ListItem","position":2,"name":"O n\u00e1s","item":"https:\/\/nethemba.com\/sk\/o-nas-old\/"},{"@type":"ListItem","position":3,"name":"Sponzorovan\u00fd v\u00fdskum","item":"https:\/\/nethemba.com\/sk\/o-nas-old\/sponzorovany-vyskum\/"},{"@type":"ListItem","position":4,"name":"Zoznam sponzorovan\u00fdch projektov"}]},{"@type":"WebSite","@id":"https:\/\/nethemba.com\/de\/#website","url":"https:\/\/nethemba.com\/de\/","name":"Nethemba","description":"We care about your security","potentialAction":[{"@type":"SearchAction","target":{"@type":"EntryPoint","urlTemplate":"https:\/\/nethemba.com\/de\/?s={search_term_string}"},"query-input":{"@type":"PropertyValueSpecification","valueRequired":true,"valueName":"search_term_string"}}],"inLanguage":"sk-SK"}]}},"_links":{"self":[{"href":"https:\/\/nethemba.com\/sk\/wp-json\/wp\/v2\/pages\/788","targetHints":{"allow":["GET"]}}],"collection":[{"href":"https:\/\/nethemba.com\/sk\/wp-json\/wp\/v2\/pages"}],"about":[{"href":"https:\/\/nethemba.com\/sk\/wp-json\/wp\/v2\/types\/page"}],"author":[{"embeddable":true,"href":"https:\/\/nethemba.com\/sk\/wp-json\/wp\/v2\/users\/2"}],"replies":[{"embeddable":true,"href":"https:\/\/nethemba.com\/sk\/wp-json\/wp\/v2\/comments?post=788"}],"version-history":[{"count":0,"href":"https:\/\/nethemba.com\/sk\/wp-json\/wp\/v2\/pages\/788\/revisions"}],"up":[{"embeddable":true,"href":"https:\/\/nethemba.com\/sk\/wp-json\/wp\/v2\/pages\/516"}],"wp:attachment":[{"href":"https:\/\/nethemba.com\/sk\/wp-json\/wp\/v2\/media?parent=788"}],"curies":[{"name":"wp","href":"https:\/\/api.w.org\/{rel}","templated":true}]}}